{"id":11,"date":"2014-09-16T19:28:07","date_gmt":"2014-09-16T19:28:07","guid":{"rendered":"http:\/\/akdenizsoftware.com\/firmawebsitesi\/?page_id=11"},"modified":"2019-07-25T09:10:39","modified_gmt":"2019-07-25T09:10:39","slug":"referanslar","status":"publish","type":"page","link":"http:\/\/akdenizsoftware.com\/firmawebsitesi\/?page_id=11","title":{"rendered":"REFERANSLAR"},"content":{"rendered":"<p style=\"text-align: center;\"><span style=\"color: #ff9900;\"><strong>..:: B\u0130Z\u0130 SE\u00c7EN T\u00dcM M\u00dc\u015eTER\u0130 VE DOSTLARIMIZA TE\u015eEKK\u00dcRLER ::..<\/strong><\/span><\/p>\n<p>REFERANSLARIMIZDAN BAZILARI:<\/p>\n<ul>\n<li style=\"text-align: left;\">A F\u0130RMASI\u00a0 \u00a0\/\/ WEB S\u0130TES\u0130 KURULUM<\/li>\n<li>B F\u0130RASI\u00a0 \/\/ WEB S\u0130TES\u0130 KURULUM<\/li>\n<li>C F\u0130RMASI \/\/ FOTO KAMERA \u00c7EK\u0130M H\u0130ZMETLER\u0130<\/li>\n<li>D F\u0130RMASI \/\/ LOGO VE GRAF\u0130K TASARIM<\/li>\n<li>E F\u0130RMASI \/\/ WEB S\u0130TE KURULUM<\/li>\n<li>F F\u0130RMASI \/\/ MATBAA \u00dcR\u00dcNLER\u0130 SATI\u015eI<\/li>\n<\/ul>\n","protected":false},"excerpt":{"rendered":"<p>..:: B\u0130Z\u0130 SE\u00c7EN T\u00dcM M\u00dc\u015eTER\u0130 VE DOSTLARIMIZA TE\u015eEKK\u00dcRLER ::.. REFERANSLARIMIZDAN BAZILARI: A F\u0130RMASI\u00a0 \u00a0\/\/ WEB S\u0130TES\u0130 KURULUM B F\u0130RASI\u00a0 \/\/ WEB S\u0130TES\u0130 KURULUM C F\u0130RMASI \/\/ FOTO KAMERA \u00c7EK\u0130M H\u0130ZMETLER\u0130 D F\u0130RMASI \/\/ LOGO VE GRAF\u0130K TASARIM E F\u0130RMASI \/\/ WEB S\u0130TE KURULUM F F\u0130RMASI \/\/ MATBAA \u00dcR\u00dcNLER\u0130 SATI\u015eI<\/p>\n","protected":false},"author":1,"featured_media":0,"parent":0,"menu_order":0,"comment_status":"open","ping_status":"open","template":"","meta":{"footnotes":""},"uagb_featured_image_src":{"full":false,"thumbnail":false,"medium":false,"medium_large":false,"large":false,"1536x1536":false,"2048x2048":false,"post-thumbnail":false,"ch-images":false,"wplook-fb-thumb":false},"uagb_author_info":{"display_name":"admin","author_link":"http:\/\/akdenizsoftware.com\/firmawebsitesi\/?author=1"},"uagb_comment_info":3,"uagb_excerpt":"..:: B\u0130Z\u0130 SE\u00c7EN T\u00dcM M\u00dc\u015eTER\u0130 VE DOSTLARIMIZA TE\u015eEKK\u00dcRLER ::.. REFERANSLARIMIZDAN BAZILARI: A F\u0130RMASI\u00a0 \u00a0\/\/ WEB S\u0130TES\u0130 KURULUM B F\u0130RASI\u00a0 \/\/ WEB S\u0130TES\u0130 KURULUM C F\u0130RMASI \/\/ FOTO KAMERA \u00c7EK\u0130M H\u0130ZMETLER\u0130 D F\u0130RMASI \/\/ LOGO VE GRAF\u0130K TASARIM E F\u0130RMASI \/\/ WEB S\u0130TE KURULUM F F\u0130RMASI \/\/ MATBAA \u00dcR\u00dcNLER\u0130 SATI\u015eI","_links":{"self":[{"href":"http:\/\/akdenizsoftware.com\/firmawebsitesi\/index.php?rest_route=\/wp\/v2\/pages\/11"}],"collection":[{"href":"http:\/\/akdenizsoftware.com\/firmawebsitesi\/index.php?rest_route=\/wp\/v2\/pages"}],"about":[{"href":"http:\/\/akdenizsoftware.com\/firmawebsitesi\/index.php?rest_route=\/wp\/v2\/types\/page"}],"author":[{"embeddable":true,"href":"http:\/\/akdenizsoftware.com\/firmawebsitesi\/index.php?rest_route=\/wp\/v2\/users\/1"}],"replies":[{"embeddable":true,"href":"http:\/\/akdenizsoftware.com\/firmawebsitesi\/index.php?rest_route=%2Fwp%2Fv2%2Fcomments&post=11"}],"version-history":[{"count":18,"href":"http:\/\/akdenizsoftware.com\/firmawebsitesi\/index.php?rest_route=\/wp\/v2\/pages\/11\/revisions"}],"predecessor-version":[{"id":170,"href":"http:\/\/akdenizsoftware.com\/firmawebsitesi\/index.php?rest_route=\/wp\/v2\/pages\/11\/revisions\/170"}],"wp:attachment":[{"href":"http:\/\/akdenizsoftware.com\/firmawebsitesi\/index.php?rest_route=%2Fwp%2Fv2%2Fmedia&parent=11"}],"curies":[{"name":"wp","href":"https:\/\/api.w.org\/{rel}","templated":true}]}}