{"id":13,"date":"2014-09-16T19:33:44","date_gmt":"2014-09-16T19:33:44","guid":{"rendered":"http:\/\/akdenizsoftware.com\/firmawebsitesi\/?page_id=13"},"modified":"2017-11-01T19:50:35","modified_gmt":"2017-11-01T19:50:35","slug":"iletisim","status":"publish","type":"page","link":"http:\/\/akdenizsoftware.com\/firmawebsitesi\/?page_id=13","title":{"rendered":"\u0130LET\u0130\u015e\u0130M"},"content":{"rendered":"<table border=\"0\" width=\"778\" cellspacing=\"1\" cellpadding=\"1\">\n<tbody>\n<tr>\n<td colspan=\"2\" align=\"center\" bgcolor=\"#ffffff\">\n<img loading=\"lazy\" decoding=\"async\" class=\"alignleft size-full wp-image-146\" src=\"http:\/\/akdenizsoftware.com\/firmawebsitesi\/wp-content\/uploads\/2014\/07\/iletisim.jpg\" alt=\"\" width=\"800\" height=\"424\" srcset=\"http:\/\/akdenizsoftware.com\/firmawebsitesi\/wp-content\/uploads\/2014\/07\/iletisim.jpg 800w, http:\/\/akdenizsoftware.com\/firmawebsitesi\/wp-content\/uploads\/2014\/07\/iletisim-300x159.jpg 300w, http:\/\/akdenizsoftware.com\/firmawebsitesi\/wp-content\/uploads\/2014\/07\/iletisim-768x407.jpg 768w\" sizes=\"(max-width: 800px) 100vw, 800px\" \/><\/p>\n<h1>AKDEN\u0130ZSOFTWARE \u0130NTERNET VE REKLAM H\u0130ZMETLER\u0130 \u2013 ANTALYA<\/h1>\n<\/td>\n<\/tr>\n<tr>\n<td align=\"right\" valign=\"top\" bgcolor=\"#ffffcc\"><strong>Web Sitelerimiz :<\/strong><\/td>\n<td align=\"left\" bgcolor=\"#fffff0\"><a href=\"http:\/\/internetsitesikur.antalyainternet.net\/\/\">www.akdenizsoftware.com<\/a><br \/>\n<a href=\"http:\/\/www.facebook.com\/akdenizsoftware\">www.facebook.com\/akdenizsoftware<\/a><\/td>\n<\/tr>\n<tr>\n<td align=\"right\" valign=\"top\" bgcolor=\"#ffffcc\"><strong>email:<\/strong><\/td>\n<td align=\"left\" bgcolor=\"#fffff0\"><a href=\"mailto:admin@akdenizsoftware.com\">admin@akdenizsoftware.com<\/a><\/td>\n<\/tr>\n<tr>\n<td align=\"right\" valign=\"top\" bgcolor=\"#ffffcc\"><strong>Msn:<\/strong><\/td>\n<td align=\"left\" bgcolor=\"#fffff0\"><a href=\"msnim:add?contact=admin@akdenizfirma.com\">admin@akdenizfirma.com<\/a><\/td>\n<\/tr>\n<tr>\n<td align=\"right\" valign=\"top\" bgcolor=\"#ffffcc\" width=\"186\"><\/td>\n<td align=\"left\" bgcolor=\"#fffff0\" width=\"585\"><\/td>\n<\/tr>\n<tr>\n<td align=\"right\" valign=\"top\" bgcolor=\"#ffffcc\"><strong>Cep:<\/strong><\/td>\n<td align=\"left\" bgcolor=\"#fffff0\">0 536 978 5680<\/td>\n<\/tr>\n<tr>\n<td align=\"right\" valign=\"top\" bgcolor=\"#ffffcc\"><strong>Adres:<\/strong><\/td>\n<td align=\"left\" bgcolor=\"#fffff0\">Akdenizsoftware \u0130nternet ve Reklam\u00a0 Hizmetleri Varsak Demirel Mahallesi Ali \u015ean Apt. No:19\/A KEPEZ \/ ANTALYA Pk:07210 <a href=\"http:\/\/maps.google.com\/maps?q=Akdenizsoftware+%C4%B0nternet+Ve+Reklam+Hizmetletleri+Antalya,+Varsak+Demirel+Mh.+Z%C3%BCbeyde+Han%C4%B1m+Cd.+Ali%C5%9Fan+Apt.+No:3,+Kepez+%2F+Antalya,+T%C3%BCrkiye&amp;hl=tr&amp;ie=UTF8&amp;ll=36.97609,30.728331&amp;spn=0.038467,0.084543&amp;sll=37.0625,-95.677068&amp;sspn=38.963048,86.572266&amp;vpsrc=6&amp;hq=Akdenizsoftware+%C4%B0nternet+Ve+Reklam+Hizmetletleri+Antalya,+Varsak+Demirel+Mh.+Z%C3%BCbeyde+Han%C4%B1m+Cd.+Ali%C5%9Fan+Apt.+No:3,&amp;hnear=Antalya,+T%C3%BCrkiye&amp;t=h&amp;z=14\" target=\"_blank\" rel=\"noopener noreferrer\"><strong>Ula\u015f\u0131m Krokisi \u0130\u00e7in T\u0131klya\u0131n\u0131z<\/strong><\/a><\/td>\n<\/tr>\n<tr>\n<td>\n<p align=\"right\"><strong>Denetim merci:<\/strong><\/p>\n<\/td>\n<td>T.C. Telekom\u00fcnikasyon Kurumu \u0130leti\u015fim Ba\u015fkanl\u0131\u011f\u0131<\/td>\n<\/tr>\n<\/tbody>\n<\/table>\n<p>&nbsp;<\/p>\n<p><iframe loading=\"lazy\" src=\"https:\/\/maps.google.com\/maps?f=q&amp;source=s_q&amp;hl=tr&amp;geocode=&amp;q=Akdenizsoftware+Antalya+internet+ve+reklam+hizmetleri,+Kepez,+T%C3%BCrkiye&amp;aq=0&amp;oq=akdenizs&amp;sll=37.018196,30.673442&amp;sspn=0.010382,0.021136&amp;t=h&amp;ie=UTF8&amp;hq=&amp;hnear=&amp;ll=36.979483,30.726571&amp;spn=0.006295,0.006295&amp;output=embed\" width=\"624\" height=\"514\" frameborder=\"0\" marginwidth=\"0\" marginheight=\"0\" scrolling=\"no\"><\/iframe><br \/>\n<small><br \/>\n<\/small><\/p>\n","protected":false},"excerpt":{"rendered":"<p>AKDEN\u0130ZSOFTWARE \u0130NTERNET VE REKLAM H\u0130ZMETLER\u0130 \u2013 ANTALYA Web Sitelerimiz : www.akdenizsoftware.com www.facebook.com\/akdenizsoftware email: admin@akdenizsoftware.com Msn: admin@akdenizfirma.com Cep: 0 536 978 5680 Adres: Akdenizsoftware \u0130nternet ve Reklam\u00a0 Hizmetleri Varsak Demirel Mahallesi Ali \u015ean Apt. No:19\/A KEPEZ \/ ANTALYA Pk:07210 Ula\u015f\u0131m Krokisi \u0130\u00e7in T\u0131klya\u0131n\u0131z Denetim merci: T.C. Telekom\u00fcnikasyon Kurumu \u0130leti\u015fim Ba\u015fkanl\u0131\u011f\u0131 &nbsp;<\/p>\n","protected":false},"author":1,"featured_media":0,"parent":0,"menu_order":0,"comment_status":"open","ping_status":"open","template":"","meta":{"footnotes":""},"uagb_featured_image_src":{"full":false,"thumbnail":false,"medium":false,"medium_large":false,"large":false,"1536x1536":false,"2048x2048":false,"post-thumbnail":false,"ch-images":false,"wplook-fb-thumb":false},"uagb_author_info":{"display_name":"admin","author_link":"http:\/\/akdenizsoftware.com\/firmawebsitesi\/?author=1"},"uagb_comment_info":9,"uagb_excerpt":"AKDEN\u0130ZSOFTWARE \u0130NTERNET VE REKLAM H\u0130ZMETLER\u0130 \u2013 ANTALYA Web Sitelerimiz : www.akdenizsoftware.com www.facebook.com\/akdenizsoftware email: admin@akdenizsoftware.com Msn: admin@akdenizfirma.com Cep: 0 536 978 5680 Adres: Akdenizsoftware \u0130nternet ve Reklam\u00a0 Hizmetleri Varsak Demirel Mahallesi Ali \u015ean Apt. No:19\/A KEPEZ \/ ANTALYA Pk:07210 Ula\u015f\u0131m Krokisi \u0130\u00e7in T\u0131klya\u0131n\u0131z Denetim merci: T.C. Telekom\u00fcnikasyon Kurumu \u0130leti\u015fim Ba\u015fkanl\u0131\u011f\u0131 &nbsp;","_links":{"self":[{"href":"http:\/\/akdenizsoftware.com\/firmawebsitesi\/index.php?rest_route=\/wp\/v2\/pages\/13"}],"collection":[{"href":"http:\/\/akdenizsoftware.com\/firmawebsitesi\/index.php?rest_route=\/wp\/v2\/pages"}],"about":[{"href":"http:\/\/akdenizsoftware.com\/firmawebsitesi\/index.php?rest_route=\/wp\/v2\/types\/page"}],"author":[{"embeddable":true,"href":"http:\/\/akdenizsoftware.com\/firmawebsitesi\/index.php?rest_route=\/wp\/v2\/users\/1"}],"replies":[{"embeddable":true,"href":"http:\/\/akdenizsoftware.com\/firmawebsitesi\/index.php?rest_route=%2Fwp%2Fv2%2Fcomments&post=13"}],"version-history":[{"count":3,"href":"http:\/\/akdenizsoftware.com\/firmawebsitesi\/index.php?rest_route=\/wp\/v2\/pages\/13\/revisions"}],"predecessor-version":[{"id":150,"href":"http:\/\/akdenizsoftware.com\/firmawebsitesi\/index.php?rest_route=\/wp\/v2\/pages\/13\/revisions\/150"}],"wp:attachment":[{"href":"http:\/\/akdenizsoftware.com\/firmawebsitesi\/index.php?rest_route=%2Fwp%2Fv2%2Fmedia&parent=13"}],"curies":[{"name":"wp","href":"https:\/\/api.w.org\/{rel}","templated":true}]}}