{"id":2,"date":"2014-07-26T09:03:52","date_gmt":"2014-07-26T09:03:52","guid":{"rendered":"http:\/\/akdenizsoftware.com\/firmawebsitesi\/?page_id=2"},"modified":"2021-04-08T09:08:10","modified_gmt":"2021-04-08T09:08:10","slug":"sample-page","status":"publish","type":"page","link":"http:\/\/akdenizsoftware.com\/firmawebsitesi\/?page_id=2","title":{"rendered":"HAKKIMIZDA"},"content":{"rendered":"<p><strong><br \/><img loading=\"lazy\" decoding=\"async\" class=\"alignleft size-full wp-image-182\" src=\"http:\/\/akdenizsoftware.com\/firmawebsitesi\/wp-content\/uploads\/2019\/10\/Chrysanthemum.jpg\" alt=\"\" width=\"1024\" height=\"768\" srcset=\"http:\/\/akdenizsoftware.com\/firmawebsitesi\/wp-content\/uploads\/2019\/10\/Chrysanthemum.jpg 1024w, http:\/\/akdenizsoftware.com\/firmawebsitesi\/wp-content\/uploads\/2019\/10\/Chrysanthemum-300x225.jpg 300w, http:\/\/akdenizsoftware.com\/firmawebsitesi\/wp-content\/uploads\/2019\/10\/Chrysanthemum-768x576.jpg 768w\" sizes=\"(max-width: 1024px) 100vw, 1024px\" \/><br \/><\/strong><\/p>\n<p><strong>HER ZAMAN VERM\u0130\u015e OLDU\u011eUMUZ H\u0130ZMETLER\u0130M\u0130Z\u0130N ARKASINDAYIZ\u00a0\u00a0\u00a0<\/strong><\/p>\n<p><strong>TASARIM <span style=\"color: #ff0000;\">H\u0130ZMETLER\u0130M\u0130Z<\/span><\/strong><\/p>\n<ul>\n<li>WEB TASARIM<\/li>\n<li>LOGO TASARIM<\/li>\n<li>MATBAA \u00dcR\u00dcNLER\u0130 TASARIM<\/li>\n<li>CAM MOZA\u0130K TASARIM<\/li>\n<\/ul>\n<p><strong>\u00a0<\/strong><\/p>\n<p>\u00a0<\/p>\n<p><strong>MATBAA \u00dcR\u00dcNLER\u0130 SATI\u015eI<\/strong><\/p>\n<ul>\n<li>KARTV\u0130Z\u0130TLER<\/li>\n<li>EL \u0130LANLARI<\/li>\n<li>MAGNETLER<\/li>\n<li>KA\u015eELER<\/li>\n<li>ET\u0130KETLER<\/li>\n<\/ul>\n<p><strong>GOOGLE , FACEBOOK VE SOSYAL A\u011e REKLAMLARI<\/strong><\/p>\n<p><strong>\u0130NTERNET H\u0130ZMETLER\u0130<\/strong><\/p>\n<ol>\n<li>WEB TASARIM<\/li>\n<li>WEB PROGRAMLAMA<\/li>\n<li>ALAN ADI TESC\u0130L<\/li>\n<li>HOST\u0130NG<\/li>\n<li>ARAMA MOTORU OPT\u0130M\u0130ZASASYONU<\/li>\n<li>SOSYAL\u00a0 A\u011eLAR<\/li>\n<li>TANITIM HABERLER\u0130<\/li>\n<li>\u00dcR\u00dcN , F\u0130RMA FOTO VE KAMERA \u00c7EK\u0130MLER\u0130<\/li>\n<li>\u0130NTERNET S\u0130TES\u0130 SORUNLARI \u00c7\u00d6Z\u00dcM\u00dc<\/li>\n<li>LOGO TASARIM<\/li>\n<li>GRAF\u0130K TASARIM<\/li>\n<li>REKLAM DANI\u015eMANLI\u011eI<\/li>\n<\/ol>\n","protected":false},"excerpt":{"rendered":"<p>HER ZAMAN VERM\u0130\u015e OLDU\u011eUMUZ H\u0130ZMETLER\u0130M\u0130Z\u0130N ARKASINDAYIZ\u00a0\u00a0\u00a0 TASARIM H\u0130ZMETLER\u0130M\u0130Z WEB TASARIM LOGO TASARIM MATBAA \u00dcR\u00dcNLER\u0130 TASARIM CAM MOZA\u0130K TASARIM \u00a0 \u00a0 MATBAA \u00dcR\u00dcNLER\u0130 SATI\u015eI KARTV\u0130Z\u0130TLER EL \u0130LANLARI MAGNETLER KA\u015eELER ET\u0130KETLER GOOGLE , FACEBOOK VE SOSYAL A\u011e REKLAMLARI \u0130NTERNET H\u0130ZMETLER\u0130 WEB TASARIM WEB PROGRAMLAMA ALAN ADI TESC\u0130L HOST\u0130NG ARAMA MOTORU OPT\u0130M\u0130ZASASYONU SOSYAL\u00a0 A\u011eLAR TANITIM HABERLER\u0130 \u00dcR\u00dcN , [&hellip;]<\/p>\n","protected":false},"author":1,"featured_media":0,"parent":0,"menu_order":0,"comment_status":"open","ping_status":"closed","template":"","meta":{"footnotes":""},"uagb_featured_image_src":{"full":false,"thumbnail":false,"medium":false,"medium_large":false,"large":false,"1536x1536":false,"2048x2048":false,"post-thumbnail":false,"ch-images":false,"wplook-fb-thumb":false},"uagb_author_info":{"display_name":"admin","author_link":"http:\/\/akdenizsoftware.com\/firmawebsitesi\/?author=1"},"uagb_comment_info":76,"uagb_excerpt":"HER ZAMAN VERM\u0130\u015e OLDU\u011eUMUZ H\u0130ZMETLER\u0130M\u0130Z\u0130N ARKASINDAYIZ\u00a0\u00a0\u00a0 TASARIM H\u0130ZMETLER\u0130M\u0130Z WEB TASARIM LOGO TASARIM MATBAA \u00dcR\u00dcNLER\u0130 TASARIM CAM MOZA\u0130K TASARIM \u00a0 \u00a0 MATBAA \u00dcR\u00dcNLER\u0130 SATI\u015eI KARTV\u0130Z\u0130TLER EL \u0130LANLARI MAGNETLER KA\u015eELER ET\u0130KETLER GOOGLE , FACEBOOK VE SOSYAL A\u011e REKLAMLARI \u0130NTERNET H\u0130ZMETLER\u0130 WEB TASARIM WEB PROGRAMLAMA ALAN ADI TESC\u0130L HOST\u0130NG ARAMA MOTORU OPT\u0130M\u0130ZASASYONU SOSYAL\u00a0 A\u011eLAR TANITIM HABERLER\u0130 \u00dcR\u00dcN ,&hellip;","_links":{"self":[{"href":"http:\/\/akdenizsoftware.com\/firmawebsitesi\/index.php?rest_route=\/wp\/v2\/pages\/2"}],"collection":[{"href":"http:\/\/akdenizsoftware.com\/firmawebsitesi\/index.php?rest_route=\/wp\/v2\/pages"}],"about":[{"href":"http:\/\/akdenizsoftware.com\/firmawebsitesi\/index.php?rest_route=\/wp\/v2\/types\/page"}],"author":[{"embeddable":true,"href":"http:\/\/akdenizsoftware.com\/firmawebsitesi\/index.php?rest_route=\/wp\/v2\/users\/1"}],"replies":[{"embeddable":true,"href":"http:\/\/akdenizsoftware.com\/firmawebsitesi\/index.php?rest_route=%2Fwp%2Fv2%2Fcomments&post=2"}],"version-history":[{"count":17,"href":"http:\/\/akdenizsoftware.com\/firmawebsitesi\/index.php?rest_route=\/wp\/v2\/pages\/2\/revisions"}],"predecessor-version":[{"id":254,"href":"http:\/\/akdenizsoftware.com\/firmawebsitesi\/index.php?rest_route=\/wp\/v2\/pages\/2\/revisions\/254"}],"wp:attachment":[{"href":"http:\/\/akdenizsoftware.com\/firmawebsitesi\/index.php?rest_route=%2Fwp%2Fv2%2Fmedia&parent=2"}],"curies":[{"name":"wp","href":"https:\/\/api.w.org\/{rel}","templated":true}]}}