{"id":12,"date":"2017-08-07T12:48:32","date_gmt":"2017-08-07T12:48:32","guid":{"rendered":"http:\/\/mdspringhotel.com\/?page_id=12"},"modified":"2017-08-07T15:02:00","modified_gmt":"2017-08-07T15:02:00","slug":"otelimiz","status":"publish","type":"page","link":"https:\/\/akdenizsoftware.com\/OtelWebSitesi-PansiyonWebSitesi\/?page_id=12","title":{"rendered":"OTEL\u0130M\u0130Z"},"content":{"rendered":"<div>\n<p>MD SPR\u0130NG HOTEL HAKKINDA<\/p>\n<p>&nbsp;<\/p>\n<p>Konforlu tatilin tek adresi \u00a0MD SPR\u0130NG HOTEL&#8217;de y\u00fczme havuzu ile \u015fehir stres ve\u00a0yor\u011funlu\u011fundan uzakla\u015farak, ruhsal yenilenmenizi sa\u011flayabilece\u011finiz gibi, deniz seven konuklar\u0131m\u0131z sadece 250 metre uzakta bulunan\u00a0Konyaalt\u0131 Plaj\u0131&#8217;da yaz\u0131n keyfini \u00e7\u0131karabilirler..<\/p>\n<p>Otelimiz kendinizi evinizde ki kadar rahat hissedebilece\u011finiz 20 odal\u0131 \u015firin bir butik oteldir..<\/p>\n<p>&nbsp;<\/p>\n<p>Antalya Spring Hotel&#8217;in odalar\u0131nda balkon, \u00e7al\u0131\u015fma masas\u0131, e\u015fya dolab\u0131, klima, mini bar, direkt telefon ve uydu TV yer almaktad\u0131r. Odalarda bulunan banyolar; sa\u00e7 kurutma makinesi, havlu ve \u00fccretsiz banyo malzemeleri ile donat\u0131lm\u0131\u015ft\u0131r.<\/p>\n<p>Otelimiz genelinde \u00fccretsiz Wi-Fi eri\u015fimi ve misafirlere \u00f6zel bir otopark alan\u0131 mevcuttur. Ek \u00fccret kar\u015f\u0131l\u0131\u011f\u0131nda \u00e7ama\u015f\u0131rhane, emanet kasa ve kuru temizleme hizmetlerinden yararlanabilirsiniz.<\/p>\n<p>Ak\u015famlar\u0131 birlikte \u00e7al\u0131\u015ft\u0131\u011f\u0131m\u0131z Reis Bal\u0131k Evi&#8217;nin muhte\u015fem lezzetlerini canl\u0131 m\u00fczik e\u015fli\u011finde tadabilirsiniz.<\/p>\n<p>Antalya Spring Hotel, Antalya Havaliman\u0131&#8217;na sadece 15 km mesafededir. Talep do\u011frultusunda havaliman\u0131 transfer servisi sa\u011flanabilmektedir<\/p>\n<\/div>\n<p>&nbsp;<\/p>\n<p><img loading=\"lazy\" decoding=\"async\" class=\"alignnone wp-image-29 size-full\" src=\"http:\/\/mdspringhotel.com\/wp-content\/uploads\/2017\/08\/mdspringhotelkonyaalt\u0131antalya333.jpg\" alt=\"\" width=\"960\" height=\"482\" srcset=\"https:\/\/akdenizsoftware.com\/OtelWebSitesi-PansiyonWebSitesi\/wp-content\/uploads\/2017\/08\/mdspringhotelkonyaalt\u0131antalya333.jpg 960w, https:\/\/akdenizsoftware.com\/OtelWebSitesi-PansiyonWebSitesi\/wp-content\/uploads\/2017\/08\/mdspringhotelkonyaalt\u0131antalya333-300x151.jpg 300w, https:\/\/akdenizsoftware.com\/OtelWebSitesi-PansiyonWebSitesi\/wp-content\/uploads\/2017\/08\/mdspringhotelkonyaalt\u0131antalya333-768x386.jpg 768w\" sizes=\"auto, (max-width: 960px) 100vw, 960px\" \/><\/p>\n","protected":false},"excerpt":{"rendered":"<p>MD SPR\u0130NG HOTEL HAKKINDA &nbsp; Konforlu tatilin tek adresi \u00a0MD SPR\u0130NG HOTEL&#8217;de y\u00fczme havuzu ile \u015fehir stres ve\u00a0yor\u011funlu\u011fundan uzakla\u015farak, ruhsal yenilenmenizi sa\u011flayabilece\u011finiz gibi, deniz seven konuklar\u0131m\u0131z sadece 250 metre uzakta bulunan\u00a0Konyaalt\u0131 Plaj\u0131&#8217;da yaz\u0131n keyfini \u00e7\u0131karabilirler.. Otelimiz kendinizi evinizde ki kadar rahat hissedebilece\u011finiz 20 odal\u0131 \u015firin bir butik oteldir.. &nbsp; Antalya Spring Hotel&#8217;in odalar\u0131nda balkon, \u00e7al\u0131\u015fma [&hellip;]<\/p>\n","protected":false},"author":1,"featured_media":0,"parent":0,"menu_order":0,"comment_status":"closed","ping_status":"closed","template":"","meta":{"footnotes":""},"class_list":["post-12","page","type-page","status-publish","hentry"],"_links":{"self":[{"href":"https:\/\/akdenizsoftware.com\/OtelWebSitesi-PansiyonWebSitesi\/index.php?rest_route=\/wp\/v2\/pages\/12","targetHints":{"allow":["GET"]}}],"collection":[{"href":"https:\/\/akdenizsoftware.com\/OtelWebSitesi-PansiyonWebSitesi\/index.php?rest_route=\/wp\/v2\/pages"}],"about":[{"href":"https:\/\/akdenizsoftware.com\/OtelWebSitesi-PansiyonWebSitesi\/index.php?rest_route=\/wp\/v2\/types\/page"}],"author":[{"embeddable":true,"href":"https:\/\/akdenizsoftware.com\/OtelWebSitesi-PansiyonWebSitesi\/index.php?rest_route=\/wp\/v2\/users\/1"}],"replies":[{"embeddable":true,"href":"https:\/\/akdenizsoftware.com\/OtelWebSitesi-PansiyonWebSitesi\/index.php?rest_route=%2Fwp%2Fv2%2Fcomments&post=12"}],"version-history":[{"count":3,"href":"https:\/\/akdenizsoftware.com\/OtelWebSitesi-PansiyonWebSitesi\/index.php?rest_route=\/wp\/v2\/pages\/12\/revisions"}],"predecessor-version":[{"id":83,"href":"https:\/\/akdenizsoftware.com\/OtelWebSitesi-PansiyonWebSitesi\/index.php?rest_route=\/wp\/v2\/pages\/12\/revisions\/83"}],"wp:attachment":[{"href":"https:\/\/akdenizsoftware.com\/OtelWebSitesi-PansiyonWebSitesi\/index.php?rest_route=%2Fwp%2Fv2%2Fmedia&parent=12"}],"curies":[{"name":"wp","href":"https:\/\/api.w.org\/{rel}","templated":true}]}}