{"id":24,"date":"2017-08-07T13:21:22","date_gmt":"2017-08-07T13:21:22","guid":{"rendered":"http:\/\/mdspringhotel.com\/?page_id=24"},"modified":"2017-08-07T16:53:54","modified_gmt":"2017-08-07T16:53:54","slug":"on-rezervasyon","status":"publish","type":"page","link":"https:\/\/akdenizsoftware.com\/OtelWebSitesi-PansiyonWebSitesi\/?page_id=24","title":{"rendered":"\u00d6N REZERVASYON"},"content":{"rendered":"<div role=\"form\" class=\"wpcf7\" id=\"wpcf7-f38-o1\" lang=\"tr-TR\" dir=\"ltr\">\n<div class=\"screen-reader-response\"><p role=\"status\" aria-live=\"polite\" aria-atomic=\"true\"><\/p> <ul><\/ul><\/div>\n<form action=\"\/OtelWebSitesi-PansiyonWebSitesi\/index.php?rest_route=%2Fwp%2Fv2%2Fpages%2F24#wpcf7-f38-o1\" method=\"post\" class=\"wpcf7-form init\" novalidate=\"novalidate\" data-status=\"init\">\n<div style=\"display: none;\">\n<input type=\"hidden\" name=\"_wpcf7\" value=\"38\" \/>\n<input type=\"hidden\" name=\"_wpcf7_version\" value=\"5.6.1\" \/>\n<input type=\"hidden\" name=\"_wpcf7_locale\" value=\"tr_TR\" \/>\n<input type=\"hidden\" name=\"_wpcf7_unit_tag\" value=\"wpcf7-f38-o1\" \/>\n<input type=\"hidden\" name=\"_wpcf7_container_post\" value=\"0\" \/>\n<input type=\"hidden\" name=\"_wpcf7_posted_data_hash\" value=\"\" \/>\n<\/div>\n<h1>\u00d6N REZERVASYON FORMU<br \/>\n<h1>\n<h1> K\u0130\u015e\u0130SEL B\u0130LG\u0130LER\u0130N\u0130Z<\/h1>\n<p><label> Ad\u0131n\u0131z Soyad\u0131z*<br \/>\n    <span class=\"wpcf7-form-control-wrap\" data-name=\"your-name\"><input type=\"text\" name=\"your-name\" value=\"\" size=\"40\" class=\"wpcf7-form-control wpcf7-text wpcf7-validates-as-required\" aria-required=\"true\" aria-invalid=\"false\" \/><\/span> <\/label><\/p>\n<p><label> Telefon*:<br \/>\n    <span class=\"wpcf7-form-control-wrap\" data-name=\"tel\"><input type=\"text\" name=\"tel\" value=\"\" size=\"40\" class=\"wpcf7-form-control wpcf7-text wpcf7-validates-as-required\" aria-required=\"true\" aria-invalid=\"false\" \/><\/span> <\/label><\/p>\n<p><label> EMail*:<br \/>\n    <span class=\"wpcf7-form-control-wrap\" data-name=\"your-email\"><input type=\"email\" name=\"your-email\" value=\"\" size=\"40\" class=\"wpcf7-form-control wpcf7-text wpcf7-email wpcf7-validates-as-required wpcf7-validates-as-email\" aria-required=\"true\" aria-invalid=\"false\" \/><\/span> <\/label><\/p>\n<p><HR \/><\/p>\n<h1>REZERVASYON B\u0130LG\u0130LER\u0130N\u0130Z<\/h1>\n<p><label> Ka\u00e7 Yeti\u015fkin ?<br \/>\n    <span class=\"wpcf7-form-control-wrap\" data-name=\"Kacyetiskin\"><input type=\"text\" name=\"Kacyetiskin\" value=\"\" size=\"40\" class=\"wpcf7-form-control wpcf7-text wpcf7-validates-as-required\" aria-required=\"true\" aria-invalid=\"false\" \/><\/span> <\/label><\/p>\n<p><label> Ka\u00e7 \u00c7ocuk ?<br \/>\n    <span class=\"wpcf7-form-control-wrap\" data-name=\"Kaccocuk\"><input type=\"text\" name=\"Kaccocuk\" value=\"\" size=\"40\" class=\"wpcf7-form-control wpcf7-text\" aria-invalid=\"false\" \/><\/span> <\/label><\/p>\n<p><label> Giri\u015f Tarihiniz:<br \/>\n    <span class=\"wpcf7-form-control-wrap\" data-name=\"date-708\"><input type=\"date\" name=\"date-708\" value=\"\" class=\"wpcf7-form-control wpcf7-date wpcf7-validates-as-required wpcf7-validates-as-date\" aria-required=\"true\" aria-invalid=\"false\" \/><\/span> <\/label><\/p>\n<p><label> \u00c7\u0131k\u0131\u015f Tarihiniz:<br \/>\n    <span class=\"wpcf7-form-control-wrap\" data-name=\"date-709\"><input type=\"date\" name=\"date-709\" value=\"\" class=\"wpcf7-form-control wpcf7-date wpcf7-validates-as-required wpcf7-validates-as-date\" aria-required=\"true\" aria-invalid=\"false\" \/><\/span> <\/label><\/p>\n<p><label>\u00d6deme \u015eekliniz : <span class=\"wpcf7-form-control-wrap\" data-name=\"menu-402\"><select name=\"menu-402\" class=\"wpcf7-form-control wpcf7-select wpcf7-validates-as-required\" aria-required=\"true\" aria-invalid=\"false\"><option value=\"\">---<\/option><option value=\"Havale\">Havale<\/option><option value=\"Mail Order\">Mail Order<\/option><\/select><\/span><\/label><\/p>\n<p><label> EKLEMEK \u0130STED\u0130KLER\u0130N\u0130Z.<br \/>\n    <span class=\"wpcf7-form-control-wrap\" data-name=\"your-message\"><textarea name=\"your-message\" cols=\"40\" rows=\"10\" class=\"wpcf7-form-control wpcf7-textarea\" aria-invalid=\"false\"><\/textarea><\/span> <\/label><\/p>\n<p><input type=\"submit\" value=\"G\u00f6nder\" class=\"wpcf7-form-control has-spinner wpcf7-submit\" \/><\/p>\n<div class=\"wpcf7-response-output\" aria-hidden=\"true\"><\/div><\/form><\/div>\n<hr \/>\n<p>&nbsp;<\/p>\n<p><strong>\u00d6DEME \u015eEKL\u0130 NOTLARI :<\/strong><\/p>\n<ul>\n<li>MA\u0130L ORDER SE\u00c7EN M\u00dc\u015eTER\u0130LER\u0130M\u0130Z <a href=\"http:\/\/mdspringhotel.com\/wp-content\/uploads\/2017\/08\/Mailorderform-mdspringhotel2017.pdf\" target=\"_blank\" rel=\"noopener\"><strong>MA\u0130L ORDER FORMUNU \u0130ND\u0130REB\u0130L\u0130R.<\/strong><\/a><\/li>\n<li>HAVALE SE\u00c7ENLER <strong>HESAP NUMARALARIMIZI<\/strong> <a href=\"http:\/\/mdspringhotel.com\/hesap-numaralarimiz\/\">G\u00d6RMEK \u0130\u00c7\u0130N TIKLAYINIZ<\/a><\/li>\n<\/ul>\n","protected":false},"excerpt":{"rendered":"<p>&nbsp; \u00d6DEME \u015eEKL\u0130 NOTLARI : MA\u0130L ORDER SE\u00c7EN M\u00dc\u015eTER\u0130LER\u0130M\u0130Z MA\u0130L ORDER FORMUNU \u0130ND\u0130REB\u0130L\u0130R. HAVALE SE\u00c7ENLER HESAP NUMARALARIMIZI G\u00d6RMEK \u0130\u00c7\u0130N TIKLAYINIZ<\/p>\n","protected":false},"author":1,"featured_media":0,"parent":0,"menu_order":0,"comment_status":"closed","ping_status":"closed","template":"","meta":{"footnotes":""},"class_list":["post-24","page","type-page","status-publish","hentry"],"_links":{"self":[{"href":"https:\/\/akdenizsoftware.com\/OtelWebSitesi-PansiyonWebSitesi\/index.php?rest_route=\/wp\/v2\/pages\/24","targetHints":{"allow":["GET"]}}],"collection":[{"href":"https:\/\/akdenizsoftware.com\/OtelWebSitesi-PansiyonWebSitesi\/index.php?rest_route=\/wp\/v2\/pages"}],"about":[{"href":"https:\/\/akdenizsoftware.com\/OtelWebSitesi-PansiyonWebSitesi\/index.php?rest_route=\/wp\/v2\/types\/page"}],"author":[{"embeddable":true,"href":"https:\/\/akdenizsoftware.com\/OtelWebSitesi-PansiyonWebSitesi\/index.php?rest_route=\/wp\/v2\/users\/1"}],"replies":[{"embeddable":true,"href":"https:\/\/akdenizsoftware.com\/OtelWebSitesi-PansiyonWebSitesi\/index.php?rest_route=%2Fwp%2Fv2%2Fcomments&post=24"}],"version-history":[{"count":11,"href":"https:\/\/akdenizsoftware.com\/OtelWebSitesi-PansiyonWebSitesi\/index.php?rest_route=\/wp\/v2\/pages\/24\/revisions"}],"predecessor-version":[{"id":87,"href":"https:\/\/akdenizsoftware.com\/OtelWebSitesi-PansiyonWebSitesi\/index.php?rest_route=\/wp\/v2\/pages\/24\/revisions\/87"}],"wp:attachment":[{"href":"https:\/\/akdenizsoftware.com\/OtelWebSitesi-PansiyonWebSitesi\/index.php?rest_route=%2Fwp%2Fv2%2Fmedia&parent=24"}],"curies":[{"name":"wp","href":"https:\/\/api.w.org\/{rel}","templated":true}]}}